{"id":6560,"date":"2025-01-10T07:04:17","date_gmt":"2025-01-10T06:04:17","guid":{"rendered":"https:\/\/www.afida.ch\/?page_id=6560"},"modified":"2026-01-23T11:59:18","modified_gmt":"2026-01-23T10:59:18","slug":"agb","status":"publish","type":"page","link":"https:\/\/www.afida.ch\/en\/agb\/","title":{"rendered":"AGB"},"content":{"rendered":"\t\t<div data-elementor-type=\"wp-page\" data-elementor-id=\"6560\" class=\"elementor elementor-6560\" data-elementor-post-type=\"page\">\n\t\t\t\t<div class=\"elementor-element elementor-element-c5f3478 e-con-full e-flex e-con e-parent\" data-id=\"c5f3478\" data-element_type=\"container\">\n\t\t\t\t<div class=\"elementor-element elementor-element-b7d7fed elementor-widget elementor-widget-template\" data-id=\"b7d7fed\" data-element_type=\"widget\" data-widget_type=\"template.default\">\n\t\t\t\t<div class=\"elementor-widget-container\">\n\t\t\t\t\t\t\t<div class=\"elementor-template\">\n\t\t\t\t\t<div data-elementor-type=\"container\" data-elementor-id=\"5611\" class=\"elementor elementor-5611\" data-elementor-post-type=\"elementor_library\">\n\t\t\t\t<div class=\"elementor-element elementor-element-078f553 e-con-full e-flex e-con e-parent\" data-id=\"078f553\" data-element_type=\"container\">\n\t\t\t\t<div class=\"elementor-element elementor-element-35c7e4b elementor-widget elementor-widget-image\" data-id=\"35c7e4b\" data-element_type=\"widget\" data-widget_type=\"image.default\">\n\t\t\t\t<div class=\"elementor-widget-container\">\n\t\t\t\t\t\t\t\t\t\t\t\t\t\t\t<img fetchpriority=\"high\" decoding=\"async\" width=\"2560\" height=\"1707\" src=\"https:\/\/www.afida.ch\/wp-content\/uploads\/2024\/11\/afida-allgemein-\u00a9-dominik-taeuber-44-scaled.jpg\" class=\"attachment-large size-large wp-image-514\" alt=\"\" srcset=\"https:\/\/www.afida.ch\/wp-content\/uploads\/2024\/11\/afida-allgemein-\u00a9-dominik-taeuber-44-scaled.jpg 2560w, https:\/\/www.afida.ch\/wp-content\/uploads\/2024\/11\/afida-allgemein-\u00a9-dominik-taeuber-44-768x512.jpg 768w, https:\/\/www.afida.ch\/wp-content\/uploads\/2024\/11\/afida-allgemein-\u00a9-dominik-taeuber-44-1536x1024.jpg 1536w, https:\/\/www.afida.ch\/wp-content\/uploads\/2024\/11\/afida-allgemein-\u00a9-dominik-taeuber-44-2048x1365.jpg 2048w\" sizes=\"(max-width: 2560px) 100vw, 2560px\" \/>\t\t\t\t\t\t\t\t\t\t\t\t\t\t\t<\/div>\n\t\t\t\t<\/div>\n\t\t\t\t<div class=\"elementor-element elementor-element-572f60c elementor-widget elementor-widget-heading\" data-id=\"572f60c\" data-element_type=\"widget\" data-widget_type=\"heading.default\">\n\t\t\t\t<div class=\"elementor-widget-container\">\n\t\t\t\t\t<h1 class=\"elementor-heading-title elementor-size-default\">AGB<\/h1>\t\t\t\t<\/div>\n\t\t\t\t<\/div>\n\t\t\t\t<\/div>\n\t\t\t\t<\/div>\n\t\t\t\t<\/div>\n\t\t\t\t\t\t<\/div>\n\t\t\t\t<\/div>\n\t\t\t\t<\/div>\n\t\t<div class=\"elementor-element elementor-element-ecfa2f2 e-flex e-con-boxed e-con e-parent\" data-id=\"ecfa2f2\" data-element_type=\"container\" data-settings=\"{&quot;background_background&quot;:&quot;classic&quot;}\">\n\t\t\t\t\t<div class=\"e-con-inner\">\n\t\t<div class=\"elementor-element elementor-element-b1273f2 e-con-full e-flex e-con e-child\" data-id=\"b1273f2\" data-element_type=\"container\">\n\t\t\t\t<div class=\"elementor-element elementor-element-1cbf068 breadcrumbs-custom elementor-widget elementor-widget-breadcrumbs\" data-id=\"1cbf068\" data-element_type=\"widget\" data-widget_type=\"breadcrumbs.default\">\n\t\t\t\t<div class=\"elementor-widget-container\">\n\t\t\t\t\t<p id=\"breadcrumbs\"><span><span><a href=\"https:\/\/www.afida.ch\/en\/\">Home<\/a><\/span><\/span><\/p>\t\t\t\t<\/div>\n\t\t\t\t<\/div>\n\t\t\t\t<div class=\"elementor-element elementor-element-817a105 elementor-widget elementor-widget-heading\" data-id=\"817a105\" data-element_type=\"widget\" data-widget_type=\"heading.default\">\n\t\t\t\t<div class=\"elementor-widget-container\">\n\t\t\t\t\t<h2 class=\"elementor-heading-title elementor-size-default\">Allgemeine Vertragsbestimmungen<\/h2>\t\t\t\t<\/div>\n\t\t\t\t<\/div>\n\t\t\t\t<\/div>\n\t\t<div class=\"elementor-element elementor-element-1344db1 e-con-full e-flex e-con e-child\" data-id=\"1344db1\" data-element_type=\"container\">\n\t\t\t\t<div class=\"elementor-element elementor-element-561c077 elementor-widget__width-inherit elementor-widget elementor-widget-text-editor\" data-id=\"561c077\" data-element_type=\"widget\" data-widget_type=\"text-editor.default\">\n\t\t\t\t<div class=\"elementor-widget-container\">\n\t\t\t\t\t\t\t\t\t<p><strong>1. Anwendungsbereich<\/strong><br \/>Die vorliegenden allgemeinen Vertragsbestimmungen regeln das Vertragsverh\u00e4ltnis zwischen Mietern und AFIDA IMMOBIGLIAS SA, Scuol, nachstehend &#8220;Agentur&#8221; genannt. Nur Personen mit einem Mindestalter von 18 Jahren, juristische Personen oder Handelsgesellschaften sind berechtigt, Buchungen bei der Agentur zu t\u00e4tigen.<\/p><p><strong>2. Vertragsabschluss, Zahlungsbedingungen<\/strong><br \/>Der Vertrag zwischen dem Mieter und der Agentur ist abgeschlossen, wenn er online gebucht ist, online best\u00e4tigt wurde, oder der von beiden Parteien unterzeichnete Mietvertrag im Besitz des Vermieters ist, oder wenn die vereinbarte Zahlung beim Vermieter eingetroffen ist. Die Agentur kann die Entgegennahme von Buchungsauftr\u00e4gen ohne Angabe von Gr\u00fcnden verweigern oder ein entgegengenommener Buchungsauftrag ohne Angabe von Gr\u00fcnden zur\u00fcckweisen. Bett- und Frotteew\u00e4sche werden f\u00fcr die gebuchte Anzahl Personen bereitgestellt. Zus\u00e4tzliche Sets k\u00f6nnen in der Agentur gegen Entgelt bezogen werden. Der f\u00e4llige Betrag in CHF ist gem\u00e4ss dem jeweiligen Vertrag unter Angabe der Buchungsnummer sowie des Ankunftsdatums per Bank\u00fcberweisung zu bezahlen. Der Gesamtpreis inkl. Nebenkosten wie Kurtaxe, Schlussreinigung und allf\u00e4llige Nebenleistungen sind bis sp\u00e4testens 60 Tage vor Anreise per Bank\u00fcberweisung zu bezahlen. Bei versp\u00e4teter Zahlung kann die Agentur die Buchung zu Lasten der Mieter kostenpflichtig stornieren und das Mietobjekt wieder freigeben. Bei kurzfristigen Buchungen, die weniger als 60 Tage vor Anreise erfolgen, ist der Gesamtpreis sofort zu bezahlen. Zahlungen, insbesondere Zahlungen aus dem Ausland, sind ohne Abzug von Spesen und Geb\u00fchren zu leisten.<\/p><p><strong>3. \u00dcbergabe des Mietobjektes, Beanstandungen<\/strong><br \/>Das Mietobjekt ist dem Mieter in sauberem und vertragsgem\u00e4ssem Zustand zu \u00fcbergeben. Sind bei der \u00dcbergabe M\u00e4ngel vorhanden oder ist das Inventar unvollst\u00e4ndig, so hat der Mieter dies unverz\u00fcglich bei der Agentur zu r\u00fcgen. Andernfalls gilt das Mietobjekt als in einwandfreiem Zustand \u00fcbergeben.<\/p><p><strong>4. Sorgf\u00e4ltiger Gebrauch<\/strong><br \/>Der Mieter verpflichtet sich, das Objekt mit Sorgfalt zu ben\u00fctzen, die Hausordnung einzuhalten und R\u00fccksicht gegen\u00fcber den anderen Hausbewohnern und Nachbarn zu nehmen. Das Objekt darf h\u00f6chstens mit der im Vertrag aufgef\u00fchrten Anzahl an Personen belegt werden. Kinder ab 2 Jahren gelten als volle Personen. Untermiete ist nicht erlaubt.<\/p><p>Jede zus\u00e4tzliche Person, die ohne Einverst\u00e4ndnis der Verwalterin im Mietobjekt logiert, wird mit CHF 100,- pro Logiernacht abgerechnet. Die Mitnahme eines Hundes ist nur bei den entsprechend gekennzeichneten Objekten gestattet. In allen anderen F\u00e4llen bedarf es der vorherigen schriftlichen Zustimmung der Agentur. Bei Missachtung kann die Nutzung des Objektes untersagt oder eine Nachgeb\u00fchr erhoben werden.<\/p><p><strong>5. Nebenkosten<\/strong><br \/>Die Nebenkosten wie Strom, Heizung, usw. sind im Mietpreis inbegriffen, es sei denn, weitere Leistungen wie Vereina-Ticket, Kinderbett, usw. werden im Vertrag ausdr\u00fccklich ausgewiesen. Die Nebenkosten bei einigen Objekten (Waschmaschine\/W\u00e4schetrockner, usw.) werden am Mietende abgerechnet. Sie sind vom Mieter vor seiner Abreise bar zu bezahlen.<br \/>Staatliche Abgaben wie Kurtaxen sind nicht im Mietpreis enthalten. Kurtaxen: Reisen Mieter sp\u00e4ter als reserviert an oder fr\u00fcher als reserviert ab, besteht kein Anspruch auf eine Reduktion der Kurtaxe f\u00fcr die nicht beanspruchte Zeit.<\/p><p><strong>6. R\u00fcckgabe des Mietobjektes<\/strong><br \/>Am Mietende ist das Mietobjekt in aufger\u00e4umtem Zustand, gr\u00fcndlich und besenrein (siehe separates Merkblatt) gereinigt und zusammen mit dem vollst\u00e4ndigen Inventar dem Vermieter bzw. dessen Vertreter zur\u00fcckzugeben. Bei unterlassener oder ungen\u00fcgend vorgenommener Endreinigung werden Ihnen pauschal CHF 250.- oder der konkrete Aufwand f\u00fcr die nachtr\u00e4gliche Endreinigung durch die Agentur in Rechnung gestellt. Weitere Schadenersatzanspr\u00fcche, z.B. f\u00fcr Nutzungsausf\u00e4lle, beh\u00e4lt sich die Agentur vor. F\u00fcr Besch\u00e4digungen am Mietobjekt und f\u00fcr fehlendes Inventar ist der Mieter ersatzpflichtig. Der Mieter ist verpflichtet, allf\u00e4llige Besch\u00e4digungen noch vor Abreise der Agentur zu melden und die betreffende Entsch\u00e4digung zu bezahlen.<\/p><p><strong>7. Annullierung und vorzeitige R\u00fcckgabe des Mietobjektes<\/strong><br \/>Die Agentur bietet allen G\u00e4sten, die direkt gebucht haben (und nicht \u00fcber eine Plattform), bis mindestens 60 Tage vor der geplanten Anreise eine geb\u00fchrenfreie Umbuchungsm\u00f6glichkeit: Der Mieter kann das gleiche Objekt zu einem sp\u00e4teren Zeitpunkt innerhalb desselben Kalenderjahres ab Best\u00e4tigung der geplanten Ankunft wieder mieten. Kann das Mietobjekt f\u00fcr die annullierte Zeit zum gleichen Preis anderweitig vergeben werden, so ist der Mieter von der Bezahlung der Miete befreit.<\/p><p>Der Mieter kann unter folgenden Bedingungen vom Vertrag zur\u00fccktreten:<\/p><ul><li>Mehr als 60 Tage vor Anreise: entsch\u00e4digungslos<\/li><li>60 Tage bis 31 Tage vor Anreise: 50% des gesamten Mietpreises<\/li><li>30 Tage bis Anreise sowie bei Nichtanreise: 90% des gesamten Mietpreises<\/li><\/ul><p>F\u00fcr jede Annullation wird zudem eine Stornogeb\u00fchr von CHF 90.- erhoben.<br \/>Im Falle einer vorzeitigen Abreise oder versp\u00e4teten Anreise bleibt der Mieter zur vollumf\u00e4nglichen Zahlung des Mietzinses und der Kurtaxe verpflichtet.<br \/>Massgebend f\u00fcr die Berechnung der Annullierungskosten ist das Eintreffen der Mitteilung bei der Agentur zu den B\u00fcrozeiten, einsehbar unter <a href=\"http:\/\/www.afida.ch\/\">www.afida.ch<\/a>.<br \/>Der Mieter hat auch das Recht, einen Ersatzmieter vorzuschlagen. Dieser muss f\u00fcr die Agentur solvent und zumutbar sein. Er tritt in den Vertrag zu den bestehenden Bedingungen ein.<\/p><p><strong>8. H\u00f6here Gewalt<\/strong><br \/>Verhindert h\u00f6here Gewalt (unvorhersehbare, nicht abwendbare Ereignisse wie die Nicht-Verf\u00fcgbarkeit des Objektes durch Massnahmen des Eigent\u00fcmers, etc.) die Vermietung oder deren Fortdauer, ist die Agentur berechtigt, aber nicht verpflichtet, dem Mieter ein gleichwertiges Ersatzobjekt anzubieten unter Ausschluss von Ersatzforderungen. Kann die Leistung nicht oder nicht in vollem Umfang erbracht werden, wird der bezahlte Betrag oder der entsprechende Anteil r\u00fcckverg\u00fctet unter Ausschluss weiterer Anspr\u00fcche.<\/p><p><strong>9. Haftung des Mieters<\/strong><br \/>Der Mieter haftet f\u00fcr alle Sch\u00e4den, die durch ihn oder Mitbenutzer verursacht werden. Das Verschulden wird vermutet. Haben mehrere Mieter den Vertrag unterschrieben, haften sie f\u00fcr alle Verbindlichkeiten aus diesem Vertrag solidarisch. Werden Sch\u00e4den nach R\u00fcckgabe des Mietobjektes festgestellt, so haftet der Mieter auch f\u00fcr diese.<\/p><p><strong>10. Haftung der Agentur<\/strong><br \/>Die Agentur steht f\u00fcr eine ordnungsgem\u00e4sse Reservation und vertragskonforme Erf\u00fcllung des Vertrages ein. Die Haftung der Agentur ist, soweit gesetzlich zul\u00e4ssig, ausgeschlossen. Die Haftung ist insbesondere ausgeschlossen f\u00fcr Handlungen und Vers\u00e4umnisse seitens des Mieters, einschliesslich G\u00e4ste, unvorhersehbare oder nicht abwendbare Vers\u00e4umnisse Dritter, h\u00f6here Gewalt oder Ereignisse, welche der Vermieter, Schl\u00fcsselhalter, Vermittler oder andere vom Vermieter beigezogene Personen trotz gebotener Sorgfalt nicht vorhersehen oder abwenden konnten. Die Beschreibung von Infrastruktur- und touristischen Einrichtungen dient der reinen Information und verpflichtet den Vermieter unter keinem Rechtstitel.<\/p><p><strong>11. Datenschutz<\/strong><br \/>Die Agentur untersteht dem schweizerischen Datenschutzgesetz und bearbeitet die Daten entsprechend diesen Vorschriften. Der Vermieter wird die ihm \u00fcbermittelten Daten speichern (allenfalls bei einem Drittunternehmen) und soweit notwendig an den Schl\u00fcsselhalter, usw. \u00fcbermitteln, damit der Vertrag korrekt erf\u00fcllt werden kann. Die Agentur kann den Mieter in Zukunft \u00fcber ihre Angebote informieren. Will der Mieter diesen Dienst nicht erhalten, kann er sich direkt an die Agentur wenden.<\/p><p><strong>12. Salvatorische Klausel<\/strong><br \/>Sollte eine Bestimmung in diesen AGB rechtswidrig, ung\u00fcltig oder anderweitig unwirksam sein oder werden, so wird dadurch die Wirksamkeit dieser AGB im \u00dcbrigen nicht ber\u00fchrt. Eine solche Bestimmung wird durch eine wirksame ersetzt, welche dem urspr\u00fcnglich verfolgten wirtschaftlichen Zweck am n\u00e4hesten kommt.<\/p><p><strong>13. Anwendbares Recht und Gerichtsstand<\/strong><br \/>Es ist schweizerisches materielles Recht anwendbar. Der ausschliessliche Gerichtsstand ist der Ort der Agentur.<\/p>\t\t\t\t\t\t\t\t<\/div>\n\t\t\t\t<\/div>\n\t\t\t\t<\/div>\n\t\t\t\t\t<\/div>\n\t\t\t\t<\/div>\n\t\t\t\t<\/div>\n\t\t","protected":false},"excerpt":{"rendered":"<p>Allgemeine Vertragsbestimmungen 1. AnwendungsbereichDie vorliegenden allgemeinen Vertragsbestimmungen regeln das Vertragsverh\u00e4ltnis zwischen Mietern und AFIDA IMMOBIGLIAS SA, Scuol, nachstehend &#8220;Agentur&#8221; genannt. Nur Personen mit einem Mindestalter von 18 Jahren, juristische Personen oder Handelsgesellschaften sind berechtigt, Buchungen bei der Agentur zu t\u00e4tigen. 2. Vertragsabschluss, ZahlungsbedingungenDer Vertrag zwischen dem Mieter und der Agentur ist abgeschlossen, wenn er online [&hellip;]<\/p>\n","protected":false},"author":1,"featured_media":0,"parent":0,"menu_order":0,"comment_status":"closed","ping_status":"closed","template":"","meta":{"_acf_changed":false,"footnotes":""},"seitenart":[],"class_list":["post-6560","page","type-page","status-publish","hentry"],"acf":[],"yoast_head":"<!-- This site is optimized with the Yoast SEO plugin v24.4 - https:\/\/yoast.com\/wordpress\/plugins\/seo\/ -->\n<title>AGB - AFIDA<\/title>\n<meta name=\"description\" content=\"Allgemeine Vertragsbestimmungen.\" \/>\n<meta name=\"robots\" content=\"index, follow, max-snippet:-1, max-image-preview:large, max-video-preview:-1\" \/>\n<link rel=\"canonical\" href=\"https:\/\/www.afida.ch\/en\/agb\/\" \/>\n<meta property=\"og:locale\" content=\"en_US\" \/>\n<meta property=\"og:type\" content=\"article\" \/>\n<meta property=\"og:title\" content=\"AGB - AFIDA\" \/>\n<meta property=\"og:description\" content=\"Allgemeine Vertragsbestimmungen.\" \/>\n<meta property=\"og:url\" content=\"https:\/\/www.afida.ch\/en\/agb\/\" \/>\n<meta property=\"og:site_name\" content=\"AFIDA\" \/>\n<meta property=\"article:modified_time\" content=\"2026-01-23T10:59:18+00:00\" \/>\n<meta name=\"twitter:card\" content=\"summary_large_image\" \/>\n<meta name=\"twitter:label1\" content=\"Est. reading time\" \/>\n\t<meta name=\"twitter:data1\" content=\"7 minutes\" \/>\n<script type=\"application\/ld+json\" class=\"yoast-schema-graph\">{\"@context\":\"https:\/\/schema.org\",\"@graph\":[{\"@type\":\"WebPage\",\"@id\":\"https:\/\/www.afida.ch\/en\/agb\/\",\"url\":\"https:\/\/www.afida.ch\/en\/agb\/\",\"name\":\"AGB - AFIDA\",\"isPartOf\":{\"@id\":\"https:\/\/www.afida.ch\/en\/#website\"},\"datePublished\":\"2025-01-10T06:04:17+00:00\",\"dateModified\":\"2026-01-23T10:59:18+00:00\",\"description\":\"Allgemeine Vertragsbestimmungen.\",\"breadcrumb\":{\"@id\":\"https:\/\/www.afida.ch\/en\/agb\/#breadcrumb\"},\"inLanguage\":\"en-US\",\"potentialAction\":[{\"@type\":\"ReadAction\",\"target\":[\"https:\/\/www.afida.ch\/en\/agb\/\"]}]},{\"@type\":\"BreadcrumbList\",\"@id\":\"https:\/\/www.afida.ch\/en\/agb\/#breadcrumb\",\"itemListElement\":[{\"@type\":\"ListItem\",\"position\":1,\"name\":\"Home\",\"item\":\"https:\/\/www.afida.ch\/en\/\"},{\"@type\":\"ListItem\",\"position\":2,\"name\":\"AGB\"}]},{\"@type\":\"WebSite\",\"@id\":\"https:\/\/www.afida.ch\/en\/#website\",\"url\":\"https:\/\/www.afida.ch\/en\/\",\"name\":\"AFIDA\",\"description\":\"\",\"publisher\":{\"@id\":\"https:\/\/www.afida.ch\/en\/#organization\"},\"potentialAction\":[{\"@type\":\"SearchAction\",\"target\":{\"@type\":\"EntryPoint\",\"urlTemplate\":\"https:\/\/www.afida.ch\/en\/?s={search_term_string}\"},\"query-input\":{\"@type\":\"PropertyValueSpecification\",\"valueRequired\":true,\"valueName\":\"search_term_string\"}}],\"inLanguage\":\"en-US\"},{\"@type\":\"Organization\",\"@id\":\"https:\/\/www.afida.ch\/en\/#organization\",\"name\":\"AFIDA\",\"url\":\"https:\/\/www.afida.ch\/en\/\",\"logo\":{\"@type\":\"ImageObject\",\"inLanguage\":\"en-US\",\"@id\":\"https:\/\/www.afida.ch\/en\/#\/schema\/logo\/image\/\",\"url\":\"https:\/\/www.afida.ch\/wp-content\/uploads\/2024\/09\/Afida_2024.png\",\"contentUrl\":\"https:\/\/www.afida.ch\/wp-content\/uploads\/2024\/09\/Afida_2024.png\",\"width\":2987,\"height\":1788,\"caption\":\"AFIDA\"},\"image\":{\"@id\":\"https:\/\/www.afida.ch\/en\/#\/schema\/logo\/image\/\"}}]}<\/script>\n<!-- \/ Yoast SEO plugin. -->","yoast_head_json":{"title":"AGB - AFIDA","description":"Allgemeine Vertragsbestimmungen.","robots":{"index":"index","follow":"follow","max-snippet":"max-snippet:-1","max-image-preview":"max-image-preview:large","max-video-preview":"max-video-preview:-1"},"canonical":"https:\/\/www.afida.ch\/en\/agb\/","og_locale":"en_US","og_type":"article","og_title":"AGB - AFIDA","og_description":"Allgemeine Vertragsbestimmungen.","og_url":"https:\/\/www.afida.ch\/en\/agb\/","og_site_name":"AFIDA","article_modified_time":"2026-01-23T10:59:18+00:00","twitter_card":"summary_large_image","twitter_misc":{"Est. reading time":"7 minutes"},"schema":{"@context":"https:\/\/schema.org","@graph":[{"@type":"WebPage","@id":"https:\/\/www.afida.ch\/en\/agb\/","url":"https:\/\/www.afida.ch\/en\/agb\/","name":"AGB - AFIDA","isPartOf":{"@id":"https:\/\/www.afida.ch\/en\/#website"},"datePublished":"2025-01-10T06:04:17+00:00","dateModified":"2026-01-23T10:59:18+00:00","description":"Allgemeine Vertragsbestimmungen.","breadcrumb":{"@id":"https:\/\/www.afida.ch\/en\/agb\/#breadcrumb"},"inLanguage":"en-US","potentialAction":[{"@type":"ReadAction","target":["https:\/\/www.afida.ch\/en\/agb\/"]}]},{"@type":"BreadcrumbList","@id":"https:\/\/www.afida.ch\/en\/agb\/#breadcrumb","itemListElement":[{"@type":"ListItem","position":1,"name":"Home","item":"https:\/\/www.afida.ch\/en\/"},{"@type":"ListItem","position":2,"name":"AGB"}]},{"@type":"WebSite","@id":"https:\/\/www.afida.ch\/en\/#website","url":"https:\/\/www.afida.ch\/en\/","name":"AFIDA","description":"","publisher":{"@id":"https:\/\/www.afida.ch\/en\/#organization"},"potentialAction":[{"@type":"SearchAction","target":{"@type":"EntryPoint","urlTemplate":"https:\/\/www.afida.ch\/en\/?s={search_term_string}"},"query-input":{"@type":"PropertyValueSpecification","valueRequired":true,"valueName":"search_term_string"}}],"inLanguage":"en-US"},{"@type":"Organization","@id":"https:\/\/www.afida.ch\/en\/#organization","name":"AFIDA","url":"https:\/\/www.afida.ch\/en\/","logo":{"@type":"ImageObject","inLanguage":"en-US","@id":"https:\/\/www.afida.ch\/en\/#\/schema\/logo\/image\/","url":"https:\/\/www.afida.ch\/wp-content\/uploads\/2024\/09\/Afida_2024.png","contentUrl":"https:\/\/www.afida.ch\/wp-content\/uploads\/2024\/09\/Afida_2024.png","width":2987,"height":1788,"caption":"AFIDA"},"image":{"@id":"https:\/\/www.afida.ch\/en\/#\/schema\/logo\/image\/"}}]}},"_links":{"self":[{"href":"https:\/\/www.afida.ch\/en\/wp-json\/wp\/v2\/pages\/6560","targetHints":{"allow":["GET"]}}],"collection":[{"href":"https:\/\/www.afida.ch\/en\/wp-json\/wp\/v2\/pages"}],"about":[{"href":"https:\/\/www.afida.ch\/en\/wp-json\/wp\/v2\/types\/page"}],"author":[{"embeddable":true,"href":"https:\/\/www.afida.ch\/en\/wp-json\/wp\/v2\/users\/1"}],"replies":[{"embeddable":true,"href":"https:\/\/www.afida.ch\/en\/wp-json\/wp\/v2\/comments?post=6560"}],"version-history":[{"count":22,"href":"https:\/\/www.afida.ch\/en\/wp-json\/wp\/v2\/pages\/6560\/revisions"}],"predecessor-version":[{"id":8214,"href":"https:\/\/www.afida.ch\/en\/wp-json\/wp\/v2\/pages\/6560\/revisions\/8214"}],"wp:attachment":[{"href":"https:\/\/www.afida.ch\/en\/wp-json\/wp\/v2\/media?parent=6560"}],"wp:term":[{"taxonomy":"seitenart","embeddable":true,"href":"https:\/\/www.afida.ch\/en\/wp-json\/wp\/v2\/seitenart?post=6560"}],"curies":[{"name":"wp","href":"https:\/\/api.w.org\/{rel}","templated":true}]}}