{"id":5876,"date":"2024-11-27T09:55:42","date_gmt":"2024-11-27T08:55:42","guid":{"rendered":"https:\/\/www.afida.ch\/?page_id=5876"},"modified":"2025-02-06T11:09:51","modified_gmt":"2025-02-06T10:09:51","slug":"impressum","status":"publish","type":"page","link":"https:\/\/www.afida.ch\/de\/impressum\/","title":{"rendered":"Impressum"},"content":{"rendered":"\t\t<div data-elementor-type=\"wp-page\" data-elementor-id=\"5876\" class=\"elementor elementor-5876\" data-elementor-post-type=\"page\">\n\t\t\t\t<div class=\"elementor-element elementor-element-2de3b22 e-con-full e-flex e-con e-parent\" data-id=\"2de3b22\" data-element_type=\"container\">\n\t\t\t\t<div class=\"elementor-element elementor-element-6e3766c elementor-widget elementor-widget-template\" data-id=\"6e3766c\" data-element_type=\"widget\" data-widget_type=\"template.default\">\n\t\t\t\t<div class=\"elementor-widget-container\">\n\t\t\t\t\t\t\t<div class=\"elementor-template\">\n\t\t\t\t\t<div data-elementor-type=\"container\" data-elementor-id=\"5611\" class=\"elementor elementor-5611\" data-elementor-post-type=\"elementor_library\">\n\t\t\t\t<div class=\"elementor-element elementor-element-078f553 e-con-full e-flex e-con e-parent\" data-id=\"078f553\" data-element_type=\"container\">\n\t\t\t\t<div class=\"elementor-element elementor-element-35c7e4b elementor-widget elementor-widget-image\" data-id=\"35c7e4b\" data-element_type=\"widget\" data-widget_type=\"image.default\">\n\t\t\t\t<div class=\"elementor-widget-container\">\n\t\t\t\t\t\t\t\t\t\t\t\t\t\t\t<img fetchpriority=\"high\" decoding=\"async\" width=\"2560\" height=\"1707\" src=\"https:\/\/www.afida.ch\/wp-content\/uploads\/2024\/11\/afida-allgemein-\u00a9-dominik-taeuber-44-scaled.jpg\" class=\"attachment-large size-large wp-image-514\" alt=\"\" srcset=\"https:\/\/www.afida.ch\/wp-content\/uploads\/2024\/11\/afida-allgemein-\u00a9-dominik-taeuber-44-scaled.jpg 2560w, https:\/\/www.afida.ch\/wp-content\/uploads\/2024\/11\/afida-allgemein-\u00a9-dominik-taeuber-44-768x512.jpg 768w, https:\/\/www.afida.ch\/wp-content\/uploads\/2024\/11\/afida-allgemein-\u00a9-dominik-taeuber-44-1536x1024.jpg 1536w, https:\/\/www.afida.ch\/wp-content\/uploads\/2024\/11\/afida-allgemein-\u00a9-dominik-taeuber-44-2048x1365.jpg 2048w\" sizes=\"(max-width: 2560px) 100vw, 2560px\" \/>\t\t\t\t\t\t\t\t\t\t\t\t\t\t\t<\/div>\n\t\t\t\t<\/div>\n\t\t\t\t<div class=\"elementor-element elementor-element-572f60c elementor-widget elementor-widget-heading\" data-id=\"572f60c\" data-element_type=\"widget\" data-widget_type=\"heading.default\">\n\t\t\t\t<div class=\"elementor-widget-container\">\n\t\t\t\t\t<h1 class=\"elementor-heading-title elementor-size-default\">Impressum<\/h1>\t\t\t\t<\/div>\n\t\t\t\t<\/div>\n\t\t\t\t<\/div>\n\t\t\t\t<\/div>\n\t\t\t\t<\/div>\n\t\t\t\t\t\t<\/div>\n\t\t\t\t<\/div>\n\t\t\t\t<\/div>\n\t\t<div class=\"elementor-element elementor-element-a538c81 e-flex e-con-boxed e-con e-parent\" data-id=\"a538c81\" data-element_type=\"container\" data-settings=\"{&quot;background_background&quot;:&quot;classic&quot;}\">\n\t\t\t\t\t<div class=\"e-con-inner\">\n\t\t<div class=\"elementor-element elementor-element-49df7fd e-con-full e-flex e-con e-child\" data-id=\"49df7fd\" data-element_type=\"container\">\n\t\t\t\t<div class=\"elementor-element elementor-element-bedcb6a breadcrumbs-custom elementor-widget elementor-widget-breadcrumbs\" data-id=\"bedcb6a\" data-element_type=\"widget\" data-widget_type=\"breadcrumbs.default\">\n\t\t\t\t<div class=\"elementor-widget-container\">\n\t\t\t\t\t<p id=\"breadcrumbs\"><span><span><a href=\"https:\/\/www.afida.ch\/de\/\">Home<\/a><\/span><\/span><\/p>\t\t\t\t<\/div>\n\t\t\t\t<\/div>\n\t\t\t\t<div class=\"elementor-element elementor-element-8344eae elementor-widget elementor-widget-heading\" data-id=\"8344eae\" data-element_type=\"widget\" data-widget_type=\"heading.default\">\n\t\t\t\t<div class=\"elementor-widget-container\">\n\t\t\t\t\t<h2 class=\"elementor-heading-title elementor-size-default\">Impressum<\/h2>\t\t\t\t<\/div>\n\t\t\t\t<\/div>\n\t\t\t\t<\/div>\n\t\t<div class=\"elementor-element elementor-element-5cda58c e-con-full e-flex e-con e-child\" data-id=\"5cda58c\" data-element_type=\"container\">\n\t\t\t\t<div class=\"elementor-element elementor-element-5a7e4b9 elementor-widget__width-initial elementor-widget elementor-widget-text-editor\" data-id=\"5a7e4b9\" data-element_type=\"widget\" data-widget_type=\"text-editor.default\">\n\t\t\t\t<div class=\"elementor-widget-container\">\n\t\t\t\t\t\t\t\t\t<p data-renderer-start-pos=\"1\"><strong data-renderer-mark=\"true\">Verantwortlich f\u00fcr den Inhalt dieser Webseite<\/strong><\/p><p data-renderer-start-pos=\"48\">AFIDA IMMOBIGLIAS SA<br \/>Stradun 400, 7550 Scuol<br \/>E-Mail: <a class=\"css-1rn59kg\" title=\"mailto:info@afida.ch\" href=\"mailto:info@afida.ch\" data-testid=\"link-with-safety\" data-renderer-mark=\"true\">info@afida.ch<\/a><br \/>Telefon: +41 81 860 01 31<br \/>Handelsregister-Nummer: CH-350-3005868-7<\/p><p data-renderer-start-pos=\"183\">Mehrwertsteuer-Nummer: CHE-108.323.950<\/p><p data-renderer-start-pos=\"226\"><strong data-renderer-mark=\"true\">Copyright<\/strong><\/p><p data-renderer-start-pos=\"237\">Das Copyright f\u00fcr s\u00e4mtliche Inhalte dieser Website liegt bei AFIDA IMMOBIGLIAS SA, Stradun 400, 7550 Scuol<\/p><p data-renderer-start-pos=\"348\"><strong data-renderer-mark=\"true\">Disclaimer<\/strong><\/p><p data-renderer-start-pos=\"360\">Alle Texte und Links wurden sorgf\u00e4ltig gepr\u00fcft und werden laufend aktualisiert. Wir sind bem\u00fcht, richtige und vollst\u00e4ndige Informationen auf dieser Website bereitzustellen, \u00fcbernehmen aber keinerlei Verantwortung, Garantien oder Haftung daf\u00fcr, dass die durch diese Website bereitgestellten Informationen, richtig, vollst\u00e4ndig oder aktuell sind. Wir behalten uns das Recht vor, jederzeit und ohne Vorank\u00fcndigung die Informationen auf dieser Website zu \u00e4ndern und verpflichten uns auch nicht, die enthaltenen Informationen zu aktualisieren. Alle Links zu externen Anbietern wurden zum Zeitpunkt ihrer Aufnahme auf ihre Richtigkeit \u00fcberpr\u00fcft, dennoch haften wir nicht f\u00fcr Inhalte und Verf\u00fcgbarkeit von Websites, die mittels Hyperlinks zu erreichen sind. F\u00fcr illegale, fehlerhafte oder unvollst\u00e4ndige Inhalte und insbesondere f\u00fcr Sch\u00e4den, die durch Inhalte verkn\u00fcpfter Seiten entstehen, haftet allein der Anbieter der Seite, auf welche verwiesen wurde. Dabei ist es gleichg\u00fcltig, ob der Schaden direkter, indirekter oder finanzieller Natur ist oder ein sonstiger Schaden vorliegt, der sich aus Datenverlust, Nutzungsausfall oder anderen Gr\u00fcnden aller Art ergeben k\u00f6nnte.<\/p><p data-renderer-start-pos=\"1531\"><strong data-renderer-mark=\"true\">Quellenangaben f\u00fcr verwendete Fotos<\/strong><\/p><p data-renderer-start-pos=\"1568\">Dominik T\u00e4uber |\u00a0<a class=\"css-1rn59kg\" title=\"https:\/\/www.dominik-taeuber.com\/\" href=\"https:\/\/www.dominik-taeuber.com\/\" target=\"_blank\" rel=\"noopener\" data-testid=\"link-with-safety\" data-renderer-mark=\"true\">Fotograf | Dominik T\u00e4uber Photography<\/a><br \/>Engadin Tourismus | <a class=\"css-1rn59kg\" title=\"https:\/\/www.engadin.com\/de\/bilddatenbank-engadin-scuol-zernez\" href=\"https:\/\/www.engadin.com\/de\/bilddatenbank-engadin-scuol-zernez\" target=\"_blank\" rel=\"noopener\" data-testid=\"link-with-safety\" data-renderer-mark=\"true\">engadin.com<\/a><\/p><div data-id=\"596e80f\" data-element_type=\"widget\" data-widget_type=\"heading.default\"><p><strong>Konzeption, Gestaltung &amp; Programmierung<\/strong><\/p><\/div><div data-id=\"a33ff02\" data-element_type=\"widget\" data-widget_type=\"text-editor.default\"><div><p>be-on! GmbH<br \/>Natruper Str. 24\u00a0<br \/>49076 Osnabr\u00fcck<br \/>Telefon:\u00a0<a href=\"tel:+495415079720\">+49 541 507 972 \u2013 0<\/a><br \/><a href=\"https:\/\/be-on.de\/\" target=\"_blank\" rel=\"noopener\">be-on.de<\/a><\/p><p><strong>Design<\/strong><\/p><p>Tim&amp;Co<br \/>Tim Glashoff<br \/>Osterwiese 8<br \/>25996 Wenningstedt<br \/><a href=\"https:\/\/timandco.de\/\" target=\"_blank\" rel=\"noopener\">timandco.de<\/a><\/p><\/div><\/div><div data-id=\"5005008\" data-element_type=\"widget\" data-widget_type=\"heading.default\"><div><p><strong>Buchungssoftware \/ PMS<\/strong><\/p><\/div><\/div><div data-id=\"06cc6d3\" data-element_type=\"widget\" data-widget_type=\"text-editor.default\"><div><p>vOffice GmbH<br \/>Untere Querstrasse 3<br \/>23730 Neustadt\/Holstein<br \/><a href=\"https:\/\/www.v-office.com\/\" target=\"_blank\" rel=\"noopener\">v-office.com<\/a><\/p><\/div><\/div>\t\t\t\t\t\t\t\t<\/div>\n\t\t\t\t<\/div>\n\t\t\t\t<\/div>\n\t\t\t\t\t<\/div>\n\t\t\t\t<\/div>\n\t\t\t\t<\/div>\n\t\t","protected":false},"excerpt":{"rendered":"<p>Impressum Verantwortlich f\u00fcr den Inhalt dieser Webseite AFIDA IMMOBIGLIAS SAStradun 400, 7550 ScuolE-Mail: info@afida.chTelefon: +41 81 860 01 31Handelsregister-Nummer: CH-350-3005868-7 Mehrwertsteuer-Nummer: CHE-108.323.950 Copyright Das Copyright f\u00fcr s\u00e4mtliche Inhalte dieser Website liegt bei AFIDA IMMOBIGLIAS SA, Stradun 400, 7550 Scuol Disclaimer Alle Texte und Links wurden sorgf\u00e4ltig gepr\u00fcft und werden laufend aktualisiert. Wir sind bem\u00fcht, richtige [&hellip;]<\/p>\n","protected":false},"author":1,"featured_media":0,"parent":0,"menu_order":0,"comment_status":"closed","ping_status":"closed","template":"","meta":{"_acf_changed":false,"footnotes":""},"seitenart":[],"class_list":["post-5876","page","type-page","status-publish","hentry"],"acf":[],"yoast_head":"<!-- This site is optimized with the Yoast SEO plugin v24.4 - https:\/\/yoast.com\/wordpress\/plugins\/seo\/ -->\n<title>Impressum - AFIDA<\/title>\n<meta name=\"description\" content=\"Alle wichtigen Angaben k\u00f6nnen Sie hier entdecken. Bei Fragen k\u00f6nnen Sie sich gerne bei uns melden.\" \/>\n<meta name=\"robots\" content=\"index, follow, max-snippet:-1, max-image-preview:large, max-video-preview:-1\" \/>\n<link rel=\"canonical\" href=\"https:\/\/www.afida.ch\/de\/impressum\/\" \/>\n<meta property=\"og:locale\" content=\"de_DE\" \/>\n<meta property=\"og:type\" content=\"article\" \/>\n<meta property=\"og:title\" content=\"Impressum - AFIDA\" \/>\n<meta property=\"og:description\" content=\"Alle wichtigen Angaben k\u00f6nnen Sie hier entdecken. Bei Fragen k\u00f6nnen Sie sich gerne bei uns melden.\" \/>\n<meta property=\"og:url\" content=\"https:\/\/www.afida.ch\/de\/impressum\/\" \/>\n<meta property=\"og:site_name\" content=\"AFIDA\" \/>\n<meta property=\"article:modified_time\" content=\"2025-02-06T10:09:51+00:00\" \/>\n<meta name=\"twitter:card\" content=\"summary_large_image\" \/>\n<meta name=\"twitter:label1\" content=\"Gesch\u00e4tzte Lesezeit\" \/>\n\t<meta name=\"twitter:data1\" content=\"2\u00a0Minuten\" \/>\n<script type=\"application\/ld+json\" class=\"yoast-schema-graph\">{\"@context\":\"https:\/\/schema.org\",\"@graph\":[{\"@type\":\"WebPage\",\"@id\":\"https:\/\/www.afida.ch\/de\/impressum\/\",\"url\":\"https:\/\/www.afida.ch\/de\/impressum\/\",\"name\":\"Impressum - AFIDA\",\"isPartOf\":{\"@id\":\"https:\/\/www.afida.ch\/de\/#website\"},\"datePublished\":\"2024-11-27T08:55:42+00:00\",\"dateModified\":\"2025-02-06T10:09:51+00:00\",\"description\":\"Alle wichtigen Angaben k\u00f6nnen Sie hier entdecken. Bei Fragen k\u00f6nnen Sie sich gerne bei uns melden.\",\"breadcrumb\":{\"@id\":\"https:\/\/www.afida.ch\/de\/impressum\/#breadcrumb\"},\"inLanguage\":\"de\",\"potentialAction\":[{\"@type\":\"ReadAction\",\"target\":[\"https:\/\/www.afida.ch\/de\/impressum\/\"]}]},{\"@type\":\"BreadcrumbList\",\"@id\":\"https:\/\/www.afida.ch\/de\/impressum\/#breadcrumb\",\"itemListElement\":[{\"@type\":\"ListItem\",\"position\":1,\"name\":\"Home\",\"item\":\"https:\/\/www.afida.ch\/de\/\"},{\"@type\":\"ListItem\",\"position\":2,\"name\":\"Impressum\"}]},{\"@type\":\"WebSite\",\"@id\":\"https:\/\/www.afida.ch\/de\/#website\",\"url\":\"https:\/\/www.afida.ch\/de\/\",\"name\":\"AFIDA\",\"description\":\"\",\"publisher\":{\"@id\":\"https:\/\/www.afida.ch\/de\/#organization\"},\"potentialAction\":[{\"@type\":\"SearchAction\",\"target\":{\"@type\":\"EntryPoint\",\"urlTemplate\":\"https:\/\/www.afida.ch\/de\/?s={search_term_string}\"},\"query-input\":{\"@type\":\"PropertyValueSpecification\",\"valueRequired\":true,\"valueName\":\"search_term_string\"}}],\"inLanguage\":\"de\"},{\"@type\":\"Organization\",\"@id\":\"https:\/\/www.afida.ch\/de\/#organization\",\"name\":\"AFIDA\",\"url\":\"https:\/\/www.afida.ch\/de\/\",\"logo\":{\"@type\":\"ImageObject\",\"inLanguage\":\"de\",\"@id\":\"https:\/\/www.afida.ch\/de\/#\/schema\/logo\/image\/\",\"url\":\"https:\/\/www.afida.ch\/wp-content\/uploads\/2024\/09\/Afida_2024.png\",\"contentUrl\":\"https:\/\/www.afida.ch\/wp-content\/uploads\/2024\/09\/Afida_2024.png\",\"width\":2987,\"height\":1788,\"caption\":\"AFIDA\"},\"image\":{\"@id\":\"https:\/\/www.afida.ch\/de\/#\/schema\/logo\/image\/\"}}]}<\/script>\n<!-- \/ Yoast SEO plugin. -->","yoast_head_json":{"title":"Impressum - AFIDA","description":"Alle wichtigen Angaben k\u00f6nnen Sie hier entdecken. Bei Fragen k\u00f6nnen Sie sich gerne bei uns melden.","robots":{"index":"index","follow":"follow","max-snippet":"max-snippet:-1","max-image-preview":"max-image-preview:large","max-video-preview":"max-video-preview:-1"},"canonical":"https:\/\/www.afida.ch\/de\/impressum\/","og_locale":"de_DE","og_type":"article","og_title":"Impressum - AFIDA","og_description":"Alle wichtigen Angaben k\u00f6nnen Sie hier entdecken. Bei Fragen k\u00f6nnen Sie sich gerne bei uns melden.","og_url":"https:\/\/www.afida.ch\/de\/impressum\/","og_site_name":"AFIDA","article_modified_time":"2025-02-06T10:09:51+00:00","twitter_card":"summary_large_image","twitter_misc":{"Gesch\u00e4tzte Lesezeit":"2\u00a0Minuten"},"schema":{"@context":"https:\/\/schema.org","@graph":[{"@type":"WebPage","@id":"https:\/\/www.afida.ch\/de\/impressum\/","url":"https:\/\/www.afida.ch\/de\/impressum\/","name":"Impressum - AFIDA","isPartOf":{"@id":"https:\/\/www.afida.ch\/de\/#website"},"datePublished":"2024-11-27T08:55:42+00:00","dateModified":"2025-02-06T10:09:51+00:00","description":"Alle wichtigen Angaben k\u00f6nnen Sie hier entdecken. Bei Fragen k\u00f6nnen Sie sich gerne bei uns melden.","breadcrumb":{"@id":"https:\/\/www.afida.ch\/de\/impressum\/#breadcrumb"},"inLanguage":"de","potentialAction":[{"@type":"ReadAction","target":["https:\/\/www.afida.ch\/de\/impressum\/"]}]},{"@type":"BreadcrumbList","@id":"https:\/\/www.afida.ch\/de\/impressum\/#breadcrumb","itemListElement":[{"@type":"ListItem","position":1,"name":"Home","item":"https:\/\/www.afida.ch\/de\/"},{"@type":"ListItem","position":2,"name":"Impressum"}]},{"@type":"WebSite","@id":"https:\/\/www.afida.ch\/de\/#website","url":"https:\/\/www.afida.ch\/de\/","name":"AFIDA","description":"","publisher":{"@id":"https:\/\/www.afida.ch\/de\/#organization"},"potentialAction":[{"@type":"SearchAction","target":{"@type":"EntryPoint","urlTemplate":"https:\/\/www.afida.ch\/de\/?s={search_term_string}"},"query-input":{"@type":"PropertyValueSpecification","valueRequired":true,"valueName":"search_term_string"}}],"inLanguage":"de"},{"@type":"Organization","@id":"https:\/\/www.afida.ch\/de\/#organization","name":"AFIDA","url":"https:\/\/www.afida.ch\/de\/","logo":{"@type":"ImageObject","inLanguage":"de","@id":"https:\/\/www.afida.ch\/de\/#\/schema\/logo\/image\/","url":"https:\/\/www.afida.ch\/wp-content\/uploads\/2024\/09\/Afida_2024.png","contentUrl":"https:\/\/www.afida.ch\/wp-content\/uploads\/2024\/09\/Afida_2024.png","width":2987,"height":1788,"caption":"AFIDA"},"image":{"@id":"https:\/\/www.afida.ch\/de\/#\/schema\/logo\/image\/"}}]}},"_links":{"self":[{"href":"https:\/\/www.afida.ch\/de\/wp-json\/wp\/v2\/pages\/5876","targetHints":{"allow":["GET"]}}],"collection":[{"href":"https:\/\/www.afida.ch\/de\/wp-json\/wp\/v2\/pages"}],"about":[{"href":"https:\/\/www.afida.ch\/de\/wp-json\/wp\/v2\/types\/page"}],"author":[{"embeddable":true,"href":"https:\/\/www.afida.ch\/de\/wp-json\/wp\/v2\/users\/1"}],"replies":[{"embeddable":true,"href":"https:\/\/www.afida.ch\/de\/wp-json\/wp\/v2\/comments?post=5876"}],"version-history":[{"count":40,"href":"https:\/\/www.afida.ch\/de\/wp-json\/wp\/v2\/pages\/5876\/revisions"}],"predecessor-version":[{"id":7404,"href":"https:\/\/www.afida.ch\/de\/wp-json\/wp\/v2\/pages\/5876\/revisions\/7404"}],"wp:attachment":[{"href":"https:\/\/www.afida.ch\/de\/wp-json\/wp\/v2\/media?parent=5876"}],"wp:term":[{"taxonomy":"seitenart","embeddable":true,"href":"https:\/\/www.afida.ch\/de\/wp-json\/wp\/v2\/seitenart?post=5876"}],"curies":[{"name":"wp","href":"https:\/\/api.w.org\/{rel}","templated":true}]}}