{"id":209,"date":"2024-11-05T12:32:20","date_gmt":"2024-11-05T11:32:20","guid":{"rendered":"https:\/\/www.afida.ch\/?page_id=209"},"modified":"2025-02-06T15:23:53","modified_gmt":"2025-02-06T14:23:53","slug":"service","status":"publish","type":"page","link":"https:\/\/www.afida.ch\/de\/ferienunterkuenfte\/service\/","title":{"rendered":"Service"},"content":{"rendered":"\t\t<div data-elementor-type=\"wp-page\" data-elementor-id=\"209\" class=\"elementor elementor-209\" data-elementor-post-type=\"page\">\n\t\t\t\t<div class=\"elementor-element elementor-element-789972c9 e-con-full e-flex e-con e-parent\" data-id=\"789972c9\" data-element_type=\"container\">\n\t\t\t\t<div class=\"elementor-element elementor-element-74ee7c0d elementor-widget elementor-widget-template\" data-id=\"74ee7c0d\" data-element_type=\"widget\" data-widget_type=\"template.default\">\n\t\t\t\t<div class=\"elementor-widget-container\">\n\t\t\t\t\t\t\t<div class=\"elementor-template\">\n\t\t\t\t\t<div data-elementor-type=\"container\" data-elementor-id=\"5611\" class=\"elementor elementor-5611\" data-elementor-post-type=\"elementor_library\">\n\t\t\t\t<div class=\"elementor-element elementor-element-078f553 e-con-full e-flex e-con e-parent\" data-id=\"078f553\" data-element_type=\"container\">\n\t\t\t\t<div class=\"elementor-element elementor-element-35c7e4b elementor-widget elementor-widget-image\" data-id=\"35c7e4b\" data-element_type=\"widget\" data-widget_type=\"image.default\">\n\t\t\t\t<div class=\"elementor-widget-container\">\n\t\t\t\t\t\t\t\t\t\t\t\t\t\t\t<img fetchpriority=\"high\" decoding=\"async\" width=\"2560\" height=\"1707\" src=\"https:\/\/www.afida.ch\/wp-content\/uploads\/2025\/01\/afida-allgemein-\u00a9-dominik-taeuber-51-scaled.jpg\" class=\"attachment-large size-large wp-image-7012\" alt=\"\" srcset=\"https:\/\/www.afida.ch\/wp-content\/uploads\/2025\/01\/afida-allgemein-\u00a9-dominik-taeuber-51-scaled.jpg 2560w, https:\/\/www.afida.ch\/wp-content\/uploads\/2025\/01\/afida-allgemein-\u00a9-dominik-taeuber-51-768x512.jpg 768w, https:\/\/www.afida.ch\/wp-content\/uploads\/2025\/01\/afida-allgemein-\u00a9-dominik-taeuber-51-1536x1024.jpg 1536w, https:\/\/www.afida.ch\/wp-content\/uploads\/2025\/01\/afida-allgemein-\u00a9-dominik-taeuber-51-2048x1365.jpg 2048w\" sizes=\"(max-width: 2560px) 100vw, 2560px\" \/>\t\t\t\t\t\t\t\t\t\t\t\t\t\t\t<\/div>\n\t\t\t\t<\/div>\n\t\t\t\t<div class=\"elementor-element elementor-element-572f60c elementor-widget elementor-widget-heading\" data-id=\"572f60c\" data-element_type=\"widget\" data-widget_type=\"heading.default\">\n\t\t\t\t<div class=\"elementor-widget-container\">\n\t\t\t\t\t<h1 class=\"elementor-heading-title elementor-size-default\">Service<\/h1>\t\t\t\t<\/div>\n\t\t\t\t<\/div>\n\t\t\t\t<\/div>\n\t\t\t\t<\/div>\n\t\t\t\t<\/div>\n\t\t\t\t\t\t<\/div>\n\t\t\t\t<\/div>\n\t\t\t\t<\/div>\n\t\t<div class=\"elementor-element elementor-element-c9169b1 e-flex e-con-boxed e-con e-parent\" data-id=\"c9169b1\" data-element_type=\"container\" data-settings=\"{&quot;background_background&quot;:&quot;classic&quot;}\">\n\t\t\t\t\t<div class=\"e-con-inner\">\n\t\t<div class=\"elementor-element elementor-element-5a1f6a7f e-con-full e-flex e-con e-child\" data-id=\"5a1f6a7f\" data-element_type=\"container\">\n\t\t\t\t<div class=\"elementor-element elementor-element-703a693f breadcrumbs-custom elementor-widget elementor-widget-breadcrumbs\" data-id=\"703a693f\" data-element_type=\"widget\" data-widget_type=\"breadcrumbs.default\">\n\t\t\t\t<div class=\"elementor-widget-container\">\n\t\t\t\t\t<p id=\"breadcrumbs\"><span><span><a href=\"https:\/\/www.afida.ch\/de\/\">Home<\/a><\/span><\/span><\/p>\t\t\t\t<\/div>\n\t\t\t\t<\/div>\n\t\t\t\t<div class=\"elementor-element elementor-element-5f68a0f2 elementor-widget elementor-widget-heading\" data-id=\"5f68a0f2\" data-element_type=\"widget\" data-widget_type=\"heading.default\">\n\t\t\t\t<div class=\"elementor-widget-container\">\n\t\t\t\t\t<h2 class=\"elementor-heading-title elementor-size-default\">Service<\/h2>\t\t\t\t<\/div>\n\t\t\t\t<\/div>\n\t\t\t\t<\/div>\n\t\t<div class=\"elementor-element elementor-element-3d4aff8 e-con-full e-flex e-con e-child\" data-id=\"3d4aff8\" data-element_type=\"container\">\n\t\t\t\t<div class=\"elementor-element elementor-element-bcf133f elementor-widget__width-initial elementor-widget elementor-widget-text-editor\" data-id=\"bcf133f\" data-element_type=\"widget\" data-widget_type=\"text-editor.default\">\n\t\t\t\t<div class=\"elementor-widget-container\">\n\t\t\t\t\t\t\t\t\t<p data-renderer-start-pos=\"556\">Sie m\u00f6chten Ihre Immobilie verkaufen haben aber keine Zeit oder keine Erfahrung. Gerne stehen wir Ihnen zur Seite und unterst\u00fctzen Sie beim Immobilienverkauf<\/p><p data-renderer-start-pos=\"715\">Gemeinsam verkaufen wir Ihre Immobilie mit Erfolg!<\/p>\t\t\t\t\t\t\t\t<\/div>\n\t\t\t\t<\/div>\n\t\t<div class=\"elementor-element elementor-element-4a4f04f e-con-full e-flex e-con e-child\" data-id=\"4a4f04f\" data-element_type=\"container\">\n\t\t\t\t<div class=\"elementor-element elementor-element-cc60d01 elementor-widget elementor-widget-heading\" data-id=\"cc60d01\" data-element_type=\"widget\" data-widget_type=\"heading.default\">\n\t\t\t\t<div class=\"elementor-widget-container\">\n\t\t\t\t\t<h2 class=\"elementor-heading-title elementor-size-default\">Leistungen<\/h2>\t\t\t\t<\/div>\n\t\t\t\t<\/div>\n\t\t\t\t<div class=\"elementor-element elementor-element-55236e3 elementor-mobile-align-left elementor-icon-list--layout-traditional elementor-list-item-link-full_width elementor-widget elementor-widget-icon-list\" data-id=\"55236e3\" data-element_type=\"widget\" data-widget_type=\"icon-list.default\">\n\t\t\t\t<div class=\"elementor-widget-container\">\n\t\t\t\t\t\t\t<ul class=\"elementor-icon-list-items\">\n\t\t\t\t\t\t\t<li class=\"elementor-icon-list-item\">\n\t\t\t\t\t\t\t\t\t\t\t<span class=\"elementor-icon-list-icon\">\n\t\t\t\t\t\t\t<svg aria-hidden=\"true\" class=\"e-font-icon-svg e-fas-check\" viewBox=\"0 0 512 512\" xmlns=\"http:\/\/www.w3.org\/2000\/svg\"><path d=\"M173.898 439.404l-166.4-166.4c-9.997-9.997-9.997-26.206 0-36.204l36.203-36.204c9.997-9.998 26.207-9.998 36.204 0L192 312.69 432.095 72.596c9.997-9.997 26.207-9.997 36.204 0l36.203 36.204c9.997 9.997 9.997 26.206 0 36.204l-294.4 294.401c-9.998 9.997-26.207 9.997-36.204-.001z\"><\/path><\/svg>\t\t\t\t\t\t<\/span>\n\t\t\t\t\t\t\t\t\t\t<span class=\"elementor-icon-list-text\">Unterst\u00fctzung und Beratung bei der Preisfestlegung<\/span>\n\t\t\t\t\t\t\t\t\t<\/li>\n\t\t\t\t\t\t\t\t<li class=\"elementor-icon-list-item\">\n\t\t\t\t\t\t\t\t\t\t\t<span class=\"elementor-icon-list-icon\">\n\t\t\t\t\t\t\t<svg aria-hidden=\"true\" class=\"e-font-icon-svg e-fas-check\" viewBox=\"0 0 512 512\" xmlns=\"http:\/\/www.w3.org\/2000\/svg\"><path d=\"M173.898 439.404l-166.4-166.4c-9.997-9.997-9.997-26.206 0-36.204l36.203-36.204c9.997-9.998 26.207-9.998 36.204 0L192 312.69 432.095 72.596c9.997-9.997 26.207-9.997 36.204 0l36.203 36.204c9.997 9.997 9.997 26.206 0 36.204l-294.4 294.401c-9.998 9.997-26.207 9.997-36.204-.001z\"><\/path><\/svg>\t\t\t\t\t\t<\/span>\n\t\t\t\t\t\t\t\t\t\t<span class=\"elementor-icon-list-text\">Errichtung eines Verkaufsexpos\u00e9s<\/span>\n\t\t\t\t\t\t\t\t\t<\/li>\n\t\t\t\t\t\t\t\t<li class=\"elementor-icon-list-item\">\n\t\t\t\t\t\t\t\t\t\t\t<span class=\"elementor-icon-list-icon\">\n\t\t\t\t\t\t\t<svg aria-hidden=\"true\" class=\"e-font-icon-svg e-fas-check\" viewBox=\"0 0 512 512\" xmlns=\"http:\/\/www.w3.org\/2000\/svg\"><path d=\"M173.898 439.404l-166.4-166.4c-9.997-9.997-9.997-26.206 0-36.204l36.203-36.204c9.997-9.998 26.207-9.998 36.204 0L192 312.69 432.095 72.596c9.997-9.997 26.207-9.997 36.204 0l36.203 36.204c9.997 9.997 9.997 26.206 0 36.204l-294.4 294.401c-9.998 9.997-26.207 9.997-36.204-.001z\"><\/path><\/svg>\t\t\t\t\t\t<\/span>\n\t\t\t\t\t\t\t\t\t\t<span class=\"elementor-icon-list-text\">Inserierung<\/span>\n\t\t\t\t\t\t\t\t\t<\/li>\n\t\t\t\t\t\t\t\t<li class=\"elementor-icon-list-item\">\n\t\t\t\t\t\t\t\t\t\t\t<span class=\"elementor-icon-list-icon\">\n\t\t\t\t\t\t\t<svg aria-hidden=\"true\" class=\"e-font-icon-svg e-fas-check\" viewBox=\"0 0 512 512\" xmlns=\"http:\/\/www.w3.org\/2000\/svg\"><path d=\"M173.898 439.404l-166.4-166.4c-9.997-9.997-9.997-26.206 0-36.204l36.203-36.204c9.997-9.998 26.207-9.998 36.204 0L192 312.69 432.095 72.596c9.997-9.997 26.207-9.997 36.204 0l36.203 36.204c9.997 9.997 9.997 26.206 0 36.204l-294.4 294.401c-9.998 9.997-26.207 9.997-36.204-.001z\"><\/path><\/svg>\t\t\t\t\t\t<\/span>\n\t\t\t\t\t\t\t\t\t\t<span class=\"elementor-icon-list-text\">Interessenten-Anfragen entgegennehmen und bearbeiten<\/span>\n\t\t\t\t\t\t\t\t\t<\/li>\n\t\t\t\t\t\t\t\t<li class=\"elementor-icon-list-item\">\n\t\t\t\t\t\t\t\t\t\t\t<span class=\"elementor-icon-list-icon\">\n\t\t\t\t\t\t\t<svg aria-hidden=\"true\" class=\"e-font-icon-svg e-fas-check\" viewBox=\"0 0 512 512\" xmlns=\"http:\/\/www.w3.org\/2000\/svg\"><path d=\"M173.898 439.404l-166.4-166.4c-9.997-9.997-9.997-26.206 0-36.204l36.203-36.204c9.997-9.998 26.207-9.998 36.204 0L192 312.69 432.095 72.596c9.997-9.997 26.207-9.997 36.204 0l36.203 36.204c9.997 9.997 9.997 26.206 0 36.204l-294.4 294.401c-9.998 9.997-26.207 9.997-36.204-.001z\"><\/path><\/svg>\t\t\t\t\t\t<\/span>\n\t\t\t\t\t\t\t\t\t\t<span class=\"elementor-icon-list-text\">Besichtigungen<\/span>\n\t\t\t\t\t\t\t\t\t<\/li>\n\t\t\t\t\t\t\t\t<li class=\"elementor-icon-list-item\">\n\t\t\t\t\t\t\t\t\t\t\t<span class=\"elementor-icon-list-icon\">\n\t\t\t\t\t\t\t<svg aria-hidden=\"true\" class=\"e-font-icon-svg e-fas-check\" viewBox=\"0 0 512 512\" xmlns=\"http:\/\/www.w3.org\/2000\/svg\"><path d=\"M173.898 439.404l-166.4-166.4c-9.997-9.997-9.997-26.206 0-36.204l36.203-36.204c9.997-9.998 26.207-9.998 36.204 0L192 312.69 432.095 72.596c9.997-9.997 26.207-9.997 36.204 0l36.203 36.204c9.997 9.997 9.997 26.206 0 36.204l-294.4 294.401c-9.998 9.997-26.207 9.997-36.204-.001z\"><\/path><\/svg>\t\t\t\t\t\t<\/span>\n\t\t\t\t\t\t\t\t\t\t<span class=\"elementor-icon-list-text\">Vertragsverhandlungen<\/span>\n\t\t\t\t\t\t\t\t\t<\/li>\n\t\t\t\t\t\t\t\t<li class=\"elementor-icon-list-item\">\n\t\t\t\t\t\t\t\t\t\t\t<span class=\"elementor-icon-list-icon\">\n\t\t\t\t\t\t\t<svg aria-hidden=\"true\" class=\"e-font-icon-svg e-fas-check\" viewBox=\"0 0 512 512\" xmlns=\"http:\/\/www.w3.org\/2000\/svg\"><path d=\"M173.898 439.404l-166.4-166.4c-9.997-9.997-9.997-26.206 0-36.204l36.203-36.204c9.997-9.998 26.207-9.998 36.204 0L192 312.69 432.095 72.596c9.997-9.997 26.207-9.997 36.204 0l36.203 36.204c9.997 9.997 9.997 26.206 0 36.204l-294.4 294.401c-9.998 9.997-26.207 9.997-36.204-.001z\"><\/path><\/svg>\t\t\t\t\t\t<\/span>\n\t\t\t\t\t\t\t\t\t\t<span class=\"elementor-icon-list-text\">Koordination Errichtung Kaufvertrag<\/span>\n\t\t\t\t\t\t\t\t\t<\/li>\n\t\t\t\t\t\t\t\t<li class=\"elementor-icon-list-item\">\n\t\t\t\t\t\t\t\t\t\t\t<span class=\"elementor-icon-list-icon\">\n\t\t\t\t\t\t\t<svg aria-hidden=\"true\" class=\"e-font-icon-svg e-fas-check\" viewBox=\"0 0 512 512\" xmlns=\"http:\/\/www.w3.org\/2000\/svg\"><path d=\"M173.898 439.404l-166.4-166.4c-9.997-9.997-9.997-26.206 0-36.204l36.203-36.204c9.997-9.998 26.207-9.998 36.204 0L192 312.69 432.095 72.596c9.997-9.997 26.207-9.997 36.204 0l36.203 36.204c9.997 9.997 9.997 26.206 0 36.204l-294.4 294.401c-9.998 9.997-26.207 9.997-36.204-.001z\"><\/path><\/svg>\t\t\t\t\t\t<\/span>\n\t\t\t\t\t\t\t\t\t\t<span class=\"elementor-icon-list-text\">Berechnung prov. Grundst\u00fcck-Gewinnsteuer<\/span>\n\t\t\t\t\t\t\t\t\t<\/li>\n\t\t\t\t\t\t<\/ul>\n\t\t\t\t\t\t<\/div>\n\t\t\t\t<\/div>\n\t\t\t\t<\/div>\n\t\t\t\t<\/div>\n\t\t\t\t\t<\/div>\n\t\t\t\t<\/div>\n\t\t\t\t<\/div>\n\t\t","protected":false},"excerpt":{"rendered":"<p>Service Sie m\u00f6chten Ihre Immobilie verkaufen haben aber keine Zeit oder keine Erfahrung. Gerne stehen wir Ihnen zur Seite und unterst\u00fctzen Sie beim Immobilienverkauf Gemeinsam verkaufen wir Ihre Immobilie mit Erfolg! Leistungen Unterst\u00fctzung und Beratung bei der Preisfestlegung Errichtung eines Verkaufsexpos\u00e9s Inserierung Interessenten-Anfragen entgegennehmen und bearbeiten Besichtigungen Vertragsverhandlungen Koordination Errichtung Kaufvertrag Berechnung prov. Grundst\u00fcck-Gewinnsteuer<\/p>\n","protected":false},"author":1,"featured_media":7012,"parent":282,"menu_order":0,"comment_status":"closed","ping_status":"closed","template":"","meta":{"_acf_changed":false,"footnotes":""},"seitenart":[],"class_list":["post-209","page","type-page","status-publish","has-post-thumbnail","hentry"],"acf":[],"yoast_head":"<!-- This site is optimized with the Yoast SEO plugin v24.4 - https:\/\/yoast.com\/wordpress\/plugins\/seo\/ -->\n<title>Service - AFIDA<\/title>\n<meta name=\"description\" content=\"Wir sind Ihr Ansprechpartner, wenn es darum geht Ihre Immobilie zu verkaufen. Profitieren Sie von unser langj\u00e4hrigen Erfahrung.\" \/>\n<meta name=\"robots\" content=\"index, follow, max-snippet:-1, max-image-preview:large, max-video-preview:-1\" \/>\n<link rel=\"canonical\" href=\"https:\/\/www.afida.ch\/de\/ferienunterkuenfte\/service\/\" \/>\n<meta property=\"og:locale\" content=\"de_DE\" \/>\n<meta property=\"og:type\" content=\"article\" \/>\n<meta property=\"og:title\" content=\"Service - AFIDA\" \/>\n<meta property=\"og:description\" content=\"Wir sind Ihr Ansprechpartner, wenn es darum geht Ihre Immobilie zu verkaufen. Profitieren Sie von unser langj\u00e4hrigen Erfahrung.\" \/>\n<meta property=\"og:url\" content=\"https:\/\/www.afida.ch\/de\/ferienunterkuenfte\/service\/\" \/>\n<meta property=\"og:site_name\" content=\"AFIDA\" \/>\n<meta property=\"article:modified_time\" content=\"2025-02-06T14:23:53+00:00\" \/>\n<meta property=\"og:image\" content=\"https:\/\/www.afida.ch\/wp-content\/uploads\/2025\/01\/afida-allgemein-\u00a9-dominik-taeuber-51-scaled.jpg\" \/>\n\t<meta property=\"og:image:width\" content=\"2560\" \/>\n\t<meta property=\"og:image:height\" content=\"1707\" \/>\n\t<meta property=\"og:image:type\" content=\"image\/jpeg\" \/>\n<meta name=\"twitter:card\" content=\"summary_large_image\" \/>\n<meta name=\"twitter:label1\" content=\"Gesch\u00e4tzte Lesezeit\" \/>\n\t<meta name=\"twitter:data1\" content=\"1\u00a0Minute\" \/>\n<script type=\"application\/ld+json\" class=\"yoast-schema-graph\">{\"@context\":\"https:\/\/schema.org\",\"@graph\":[{\"@type\":\"WebPage\",\"@id\":\"https:\/\/www.afida.ch\/de\/ferienunterkuenfte\/service\/\",\"url\":\"https:\/\/www.afida.ch\/de\/ferienunterkuenfte\/service\/\",\"name\":\"Service - AFIDA\",\"isPartOf\":{\"@id\":\"https:\/\/www.afida.ch\/de\/#website\"},\"primaryImageOfPage\":{\"@id\":\"https:\/\/www.afida.ch\/de\/ferienunterkuenfte\/service\/#primaryimage\"},\"image\":{\"@id\":\"https:\/\/www.afida.ch\/de\/ferienunterkuenfte\/service\/#primaryimage\"},\"thumbnailUrl\":\"https:\/\/www.afida.ch\/wp-content\/uploads\/2025\/01\/afida-allgemein-\u00a9-dominik-taeuber-51-scaled.jpg\",\"datePublished\":\"2024-11-05T11:32:20+00:00\",\"dateModified\":\"2025-02-06T14:23:53+00:00\",\"description\":\"Wir sind Ihr Ansprechpartner, wenn es darum geht Ihre Immobilie zu verkaufen. Profitieren Sie von unser langj\u00e4hrigen Erfahrung.\",\"breadcrumb\":{\"@id\":\"https:\/\/www.afida.ch\/de\/ferienunterkuenfte\/service\/#breadcrumb\"},\"inLanguage\":\"de\",\"potentialAction\":[{\"@type\":\"ReadAction\",\"target\":[\"https:\/\/www.afida.ch\/de\/ferienunterkuenfte\/service\/\"]}]},{\"@type\":\"ImageObject\",\"inLanguage\":\"de\",\"@id\":\"https:\/\/www.afida.ch\/de\/ferienunterkuenfte\/service\/#primaryimage\",\"url\":\"https:\/\/www.afida.ch\/wp-content\/uploads\/2025\/01\/afida-allgemein-\u00a9-dominik-taeuber-51-scaled.jpg\",\"contentUrl\":\"https:\/\/www.afida.ch\/wp-content\/uploads\/2025\/01\/afida-allgemein-\u00a9-dominik-taeuber-51-scaled.jpg\",\"width\":2560,\"height\":1707},{\"@type\":\"BreadcrumbList\",\"@id\":\"https:\/\/www.afida.ch\/de\/ferienunterkuenfte\/service\/#breadcrumb\",\"itemListElement\":[{\"@type\":\"ListItem\",\"position\":1,\"name\":\"Home\",\"item\":\"https:\/\/www.afida.ch\/de\/\"},{\"@type\":\"ListItem\",\"position\":2,\"name\":\"Ferienunterk\u00fcnfte\",\"item\":\"https:\/\/www.afida.ch\/de\/ferienunterkuenfte\/\"},{\"@type\":\"ListItem\",\"position\":3,\"name\":\"Service\"}]},{\"@type\":\"WebSite\",\"@id\":\"https:\/\/www.afida.ch\/de\/#website\",\"url\":\"https:\/\/www.afida.ch\/de\/\",\"name\":\"AFIDA\",\"description\":\"\",\"publisher\":{\"@id\":\"https:\/\/www.afida.ch\/de\/#organization\"},\"potentialAction\":[{\"@type\":\"SearchAction\",\"target\":{\"@type\":\"EntryPoint\",\"urlTemplate\":\"https:\/\/www.afida.ch\/de\/?s={search_term_string}\"},\"query-input\":{\"@type\":\"PropertyValueSpecification\",\"valueRequired\":true,\"valueName\":\"search_term_string\"}}],\"inLanguage\":\"de\"},{\"@type\":\"Organization\",\"@id\":\"https:\/\/www.afida.ch\/de\/#organization\",\"name\":\"AFIDA\",\"url\":\"https:\/\/www.afida.ch\/de\/\",\"logo\":{\"@type\":\"ImageObject\",\"inLanguage\":\"de\",\"@id\":\"https:\/\/www.afida.ch\/de\/#\/schema\/logo\/image\/\",\"url\":\"https:\/\/www.afida.ch\/wp-content\/uploads\/2024\/09\/Afida_2024.png\",\"contentUrl\":\"https:\/\/www.afida.ch\/wp-content\/uploads\/2024\/09\/Afida_2024.png\",\"width\":2987,\"height\":1788,\"caption\":\"AFIDA\"},\"image\":{\"@id\":\"https:\/\/www.afida.ch\/de\/#\/schema\/logo\/image\/\"}}]}<\/script>\n<!-- \/ Yoast SEO plugin. -->","yoast_head_json":{"title":"Service - AFIDA","description":"Wir sind Ihr Ansprechpartner, wenn es darum geht Ihre Immobilie zu verkaufen. Profitieren Sie von unser langj\u00e4hrigen Erfahrung.","robots":{"index":"index","follow":"follow","max-snippet":"max-snippet:-1","max-image-preview":"max-image-preview:large","max-video-preview":"max-video-preview:-1"},"canonical":"https:\/\/www.afida.ch\/de\/ferienunterkuenfte\/service\/","og_locale":"de_DE","og_type":"article","og_title":"Service - AFIDA","og_description":"Wir sind Ihr Ansprechpartner, wenn es darum geht Ihre Immobilie zu verkaufen. Profitieren Sie von unser langj\u00e4hrigen Erfahrung.","og_url":"https:\/\/www.afida.ch\/de\/ferienunterkuenfte\/service\/","og_site_name":"AFIDA","article_modified_time":"2025-02-06T14:23:53+00:00","og_image":[{"width":2560,"height":1707,"url":"https:\/\/www.afida.ch\/wp-content\/uploads\/2025\/01\/afida-allgemein-\u00a9-dominik-taeuber-51-scaled.jpg","type":"image\/jpeg"}],"twitter_card":"summary_large_image","twitter_misc":{"Gesch\u00e4tzte Lesezeit":"1\u00a0Minute"},"schema":{"@context":"https:\/\/schema.org","@graph":[{"@type":"WebPage","@id":"https:\/\/www.afida.ch\/de\/ferienunterkuenfte\/service\/","url":"https:\/\/www.afida.ch\/de\/ferienunterkuenfte\/service\/","name":"Service - AFIDA","isPartOf":{"@id":"https:\/\/www.afida.ch\/de\/#website"},"primaryImageOfPage":{"@id":"https:\/\/www.afida.ch\/de\/ferienunterkuenfte\/service\/#primaryimage"},"image":{"@id":"https:\/\/www.afida.ch\/de\/ferienunterkuenfte\/service\/#primaryimage"},"thumbnailUrl":"https:\/\/www.afida.ch\/wp-content\/uploads\/2025\/01\/afida-allgemein-\u00a9-dominik-taeuber-51-scaled.jpg","datePublished":"2024-11-05T11:32:20+00:00","dateModified":"2025-02-06T14:23:53+00:00","description":"Wir sind Ihr Ansprechpartner, wenn es darum geht Ihre Immobilie zu verkaufen. Profitieren Sie von unser langj\u00e4hrigen Erfahrung.","breadcrumb":{"@id":"https:\/\/www.afida.ch\/de\/ferienunterkuenfte\/service\/#breadcrumb"},"inLanguage":"de","potentialAction":[{"@type":"ReadAction","target":["https:\/\/www.afida.ch\/de\/ferienunterkuenfte\/service\/"]}]},{"@type":"ImageObject","inLanguage":"de","@id":"https:\/\/www.afida.ch\/de\/ferienunterkuenfte\/service\/#primaryimage","url":"https:\/\/www.afida.ch\/wp-content\/uploads\/2025\/01\/afida-allgemein-\u00a9-dominik-taeuber-51-scaled.jpg","contentUrl":"https:\/\/www.afida.ch\/wp-content\/uploads\/2025\/01\/afida-allgemein-\u00a9-dominik-taeuber-51-scaled.jpg","width":2560,"height":1707},{"@type":"BreadcrumbList","@id":"https:\/\/www.afida.ch\/de\/ferienunterkuenfte\/service\/#breadcrumb","itemListElement":[{"@type":"ListItem","position":1,"name":"Home","item":"https:\/\/www.afida.ch\/de\/"},{"@type":"ListItem","position":2,"name":"Ferienunterk\u00fcnfte","item":"https:\/\/www.afida.ch\/de\/ferienunterkuenfte\/"},{"@type":"ListItem","position":3,"name":"Service"}]},{"@type":"WebSite","@id":"https:\/\/www.afida.ch\/de\/#website","url":"https:\/\/www.afida.ch\/de\/","name":"AFIDA","description":"","publisher":{"@id":"https:\/\/www.afida.ch\/de\/#organization"},"potentialAction":[{"@type":"SearchAction","target":{"@type":"EntryPoint","urlTemplate":"https:\/\/www.afida.ch\/de\/?s={search_term_string}"},"query-input":{"@type":"PropertyValueSpecification","valueRequired":true,"valueName":"search_term_string"}}],"inLanguage":"de"},{"@type":"Organization","@id":"https:\/\/www.afida.ch\/de\/#organization","name":"AFIDA","url":"https:\/\/www.afida.ch\/de\/","logo":{"@type":"ImageObject","inLanguage":"de","@id":"https:\/\/www.afida.ch\/de\/#\/schema\/logo\/image\/","url":"https:\/\/www.afida.ch\/wp-content\/uploads\/2024\/09\/Afida_2024.png","contentUrl":"https:\/\/www.afida.ch\/wp-content\/uploads\/2024\/09\/Afida_2024.png","width":2987,"height":1788,"caption":"AFIDA"},"image":{"@id":"https:\/\/www.afida.ch\/de\/#\/schema\/logo\/image\/"}}]}},"_links":{"self":[{"href":"https:\/\/www.afida.ch\/de\/wp-json\/wp\/v2\/pages\/209","targetHints":{"allow":["GET"]}}],"collection":[{"href":"https:\/\/www.afida.ch\/de\/wp-json\/wp\/v2\/pages"}],"about":[{"href":"https:\/\/www.afida.ch\/de\/wp-json\/wp\/v2\/types\/page"}],"author":[{"embeddable":true,"href":"https:\/\/www.afida.ch\/de\/wp-json\/wp\/v2\/users\/1"}],"replies":[{"embeddable":true,"href":"https:\/\/www.afida.ch\/de\/wp-json\/wp\/v2\/comments?post=209"}],"version-history":[{"count":71,"href":"https:\/\/www.afida.ch\/de\/wp-json\/wp\/v2\/pages\/209\/revisions"}],"predecessor-version":[{"id":7223,"href":"https:\/\/www.afida.ch\/de\/wp-json\/wp\/v2\/pages\/209\/revisions\/7223"}],"up":[{"embeddable":true,"href":"https:\/\/www.afida.ch\/de\/wp-json\/wp\/v2\/pages\/282"}],"wp:featuredmedia":[{"embeddable":true,"href":"https:\/\/www.afida.ch\/de\/wp-json\/wp\/v2\/media\/7012"}],"wp:attachment":[{"href":"https:\/\/www.afida.ch\/de\/wp-json\/wp\/v2\/media?parent=209"}],"wp:term":[{"taxonomy":"seitenart","embeddable":true,"href":"https:\/\/www.afida.ch\/de\/wp-json\/wp\/v2\/seitenart?post=209"}],"curies":[{"name":"wp","href":"https:\/\/api.w.org\/{rel}","templated":true}]}}